{"id":238,"date":"2022-05-13T13:18:40","date_gmt":"2022-05-13T13:18:40","guid":{"rendered":"https:\/\/uj.kpluszs.com\/?page_id=238"},"modified":"2024-09-09T18:12:05","modified_gmt":"2024-09-09T17:12:05","slug":"elementor-8-2-2-3","status":"publish","type":"page","link":"https:\/\/www.kpluszs.com\/?page_id=238","title":{"rendered":"Palyazat"},"content":{"rendered":"\t\t<div data-elementor-type=\"wp-post\" data-elementor-id=\"238\" class=\"elementor elementor-238\" data-elementor-post-type=\"page\">\n\t\t\t\t\t\t<section class=\"elementor-section elementor-top-section elementor-element elementor-element-70f028c elementor-section-full_width elementor-section-stretched elementor-section-height-default elementor-section-height-default\" data-id=\"70f028c\" data-element_type=\"section\" data-settings=\"{&quot;stretch_section&quot;:&quot;section-stretched&quot;,&quot;background_background&quot;:&quot;classic&quot;}\">\n\t\t\t\t\t\t<div class=\"elementor-container elementor-column-gap-default\">\n\t\t\t\t\t<div class=\"elementor-column elementor-col-100 elementor-top-column elementor-element elementor-element-adfa5d2\" data-id=\"adfa5d2\" data-element_type=\"column\">\n\t\t\t<div class=\"elementor-widget-wrap elementor-element-populated\">\n\t\t\t\t\t\t<div class=\"elementor-element elementor-element-32ad41c elementor-nav-menu__align-center elementor-nav-menu--stretch elementor-nav-menu__text-align-center elementor-nav-menu--dropdown-tablet elementor-widget elementor-widget-nav-menu\" data-id=\"32ad41c\" data-element_type=\"widget\" data-settings=\"{&quot;full_width&quot;:&quot;stretch&quot;,&quot;submenu_icon&quot;:{&quot;value&quot;:&quot;&lt;i class=\\&quot;\\&quot;&gt;&lt;\\\/i&gt;&quot;,&quot;library&quot;:&quot;&quot;},&quot;layout&quot;:&quot;horizontal&quot;}\" data-widget_type=\"nav-menu.default\">\n\t\t\t\t<div class=\"elementor-widget-container\">\n\t\t\t\t\t\t<nav aria-label=\"Men\u00fc\" class=\"elementor-nav-menu--main elementor-nav-menu__container elementor-nav-menu--layout-horizontal e--pointer-underline e--animation-grow\">\n\t\t\t\t<ul id=\"menu-1-32ad41c\" class=\"elementor-nav-menu\"><li class=\"menu-item menu-item-type-post_type menu-item-object-page menu-item-home menu-item-231\"><a href=\"https:\/\/www.kpluszs.com\/\" class=\"elementor-item\">F\u0150OLDAL<\/a><\/li>\n<li class=\"menu-item menu-item-type-post_type menu-item-object-page menu-item-232\"><a href=\"https:\/\/www.kpluszs.com\/?page_id=178\" class=\"elementor-item\">REFERENCI\u00c1K<\/a><\/li>\n<li class=\"menu-item menu-item-type-post_type menu-item-object-page menu-item-234\"><a href=\"https:\/\/www.kpluszs.com\/?page_id=204\" class=\"elementor-item\">B\u00c9RG\u00c9PEK<\/a><\/li>\n<li class=\"menu-item menu-item-type-post_type menu-item-object-page menu-item-233\"><a href=\"https:\/\/www.kpluszs.com\/?page_id=225\" class=\"elementor-item\">KAPCSOLAT<\/a><\/li>\n<li class=\"menu-item menu-item-type-custom menu-item-object-custom menu-item-64\"><a href=\"https:\/\/apartman.kpluszs.com\" class=\"elementor-item\">APARTMAN<\/a><\/li>\n<\/ul>\t\t\t<\/nav>\n\t\t\t\t\t\t<nav class=\"elementor-nav-menu--dropdown elementor-nav-menu__container\" aria-hidden=\"true\">\n\t\t\t\t<ul id=\"menu-2-32ad41c\" class=\"elementor-nav-menu\"><li class=\"menu-item menu-item-type-post_type menu-item-object-page menu-item-home menu-item-231\"><a href=\"https:\/\/www.kpluszs.com\/\" class=\"elementor-item\" tabindex=\"-1\">F\u0150OLDAL<\/a><\/li>\n<li class=\"menu-item menu-item-type-post_type menu-item-object-page menu-item-232\"><a href=\"https:\/\/www.kpluszs.com\/?page_id=178\" class=\"elementor-item\" tabindex=\"-1\">REFERENCI\u00c1K<\/a><\/li>\n<li class=\"menu-item menu-item-type-post_type menu-item-object-page menu-item-234\"><a href=\"https:\/\/www.kpluszs.com\/?page_id=204\" class=\"elementor-item\" tabindex=\"-1\">B\u00c9RG\u00c9PEK<\/a><\/li>\n<li class=\"menu-item menu-item-type-post_type menu-item-object-page menu-item-233\"><a href=\"https:\/\/www.kpluszs.com\/?page_id=225\" class=\"elementor-item\" tabindex=\"-1\">KAPCSOLAT<\/a><\/li>\n<li class=\"menu-item menu-item-type-custom menu-item-object-custom menu-item-64\"><a href=\"https:\/\/apartman.kpluszs.com\" class=\"elementor-item\" tabindex=\"-1\">APARTMAN<\/a><\/li>\n<\/ul>\t\t\t<\/nav>\n\t\t\t\t<\/div>\n\t\t\t\t<\/div>\n\t\t\t\t\t<\/div>\n\t\t<\/div>\n\t\t\t\t\t<\/div>\n\t\t<\/section>\n\t\t\t\t<section class=\"elementor-section elementor-top-section elementor-element elementor-element-014d28f elementor-section-full_width elementor-section-height-default elementor-section-height-default\" data-id=\"014d28f\" data-element_type=\"section\" data-settings=\"{&quot;background_background&quot;:&quot;classic&quot;}\">\n\t\t\t\t\t\t\t<div class=\"elementor-background-overlay\"><\/div>\n\t\t\t\t\t\t\t<div class=\"elementor-container elementor-column-gap-default\">\n\t\t\t\t\t<div class=\"elementor-column elementor-col-50 elementor-top-column elementor-element elementor-element-b64a600\" data-id=\"b64a600\" data-element_type=\"column\">\n\t\t\t<div class=\"elementor-widget-wrap elementor-element-populated\">\n\t\t\t\t\t\t<div class=\"elementor-element elementor-element-f33fae8 elementor-widget elementor-widget-image\" data-id=\"f33fae8\" data-element_type=\"widget\" data-widget_type=\"image.default\">\n\t\t\t\t<div class=\"elementor-widget-container\">\n\t\t\t\t\t\t\t\t\t\t\t\t\t<img fetchpriority=\"high\" decoding=\"async\" width=\"750\" height=\"961\" src=\"https:\/\/www.kpluszs.com\/wp-content\/uploads\/2024\/06\/palyazatLogo-768x984.jpg\" class=\"attachment-medium_large size-medium_large wp-image-290\" alt=\"\" srcset=\"https:\/\/www.kpluszs.com\/wp-content\/uploads\/2024\/06\/palyazatLogo-768x984.jpg 768w, https:\/\/www.kpluszs.com\/wp-content\/uploads\/2024\/06\/palyazatLogo-234x300.jpg 234w, https:\/\/www.kpluszs.com\/wp-content\/uploads\/2024\/06\/palyazatLogo.jpg 800w\" sizes=\"(max-width: 750px) 100vw, 750px\" style=\"width:100%;height:128.13%;max-width:800px\" \/>\t\t\t\t\t\t\t\t\t\t\t\t\t<\/div>\n\t\t\t\t<\/div>\n\t\t\t\t\t<\/div>\n\t\t<\/div>\n\t\t\t\t<div class=\"elementor-column elementor-col-50 elementor-top-column elementor-element elementor-element-51f1962\" data-id=\"51f1962\" data-element_type=\"column\">\n\t\t\t<div class=\"elementor-widget-wrap elementor-element-populated\">\n\t\t\t\t\t\t\t<\/div>\n\t\t<\/div>\n\t\t\t\t\t<\/div>\n\t\t<\/section>\n\t\t\t\t<section class=\"elementor-section elementor-top-section elementor-element elementor-element-c57eb48 elementor-section-boxed elementor-section-height-default elementor-section-height-default\" data-id=\"c57eb48\" data-element_type=\"section\" data-settings=\"{&quot;background_background&quot;:&quot;classic&quot;}\">\n\t\t\t\t\t\t\t<div class=\"elementor-background-overlay\"><\/div>\n\t\t\t\t\t\t\t<div class=\"elementor-container elementor-column-gap-default\">\n\t\t\t\t\t<div class=\"elementor-column elementor-col-50 elementor-top-column elementor-element elementor-element-33dad91\" data-id=\"33dad91\" data-element_type=\"column\">\n\t\t\t<div class=\"elementor-widget-wrap elementor-element-populated\">\n\t\t\t\t\t\t<div class=\"elementor-element elementor-element-1b136fd elementor-widget elementor-widget-image\" data-id=\"1b136fd\" data-element_type=\"widget\" data-widget_type=\"image.default\">\n\t\t\t\t<div class=\"elementor-widget-container\">\n\t\t\t\t\t\t\t\t\t\t\t\t\t<img decoding=\"async\" width=\"600\" height=\"435\" src=\"https:\/\/www.kpluszs.com\/wp-content\/uploads\/2024\/09\/2024-81-5_11-3-49_a3_fekvo_vagojel_nelkuli_600.jpg\" class=\"attachment-medium_large size-medium_large wp-image-303\" alt=\"\" srcset=\"https:\/\/www.kpluszs.com\/wp-content\/uploads\/2024\/09\/2024-81-5_11-3-49_a3_fekvo_vagojel_nelkuli_600.jpg 600w, https:\/\/www.kpluszs.com\/wp-content\/uploads\/2024\/09\/2024-81-5_11-3-49_a3_fekvo_vagojel_nelkuli_600-300x218.jpg 300w\" sizes=\"(max-width: 600px) 100vw, 600px\" style=\"width:100%;height:72.5%;max-width:600px\" \/>\t\t\t\t\t\t\t\t\t\t\t\t\t<\/div>\n\t\t\t\t<\/div>\n\t\t\t\t\t<\/div>\n\t\t<\/div>\n\t\t\t\t<div class=\"elementor-column elementor-col-50 elementor-top-column elementor-element elementor-element-d5ded7f\" data-id=\"d5ded7f\" data-element_type=\"column\">\n\t\t\t<div class=\"elementor-widget-wrap elementor-element-populated\">\n\t\t\t\t\t\t<div class=\"elementor-element elementor-element-4ccf75b elementor-widget elementor-widget-text-editor\" data-id=\"4ccf75b\" data-element_type=\"widget\" data-widget_type=\"text-editor.default\">\n\t\t\t\t<div class=\"elementor-widget-container\">\n\t\t\t\t\t\t\t<ul><li>a kedvezm\u00e9nyezett neve: K+S Kereskedelmi \u00e9s Szolg\u00e1ltat\u00f3 Korl\u00e1tolt Felel\u0151ss\u00e9g\u0171 T\u00e1rsas\u00e1g<\/li><li>a projekt c\u00edme: A K+S Kft fejleszt\u00e9se<\/li><li>a szerz\u0151d\u00f6tt t\u00e1mogat\u00e1s \u00f6sszege: 68 539 029 Ft<\/li><li>a t\u00e1mogat\u00e1s m\u00e9rt\u00e9ke (%-ban): 70%\u00a0 \u00a0 \u00a0 \u00a0<\/li><li style=\"text-align: left;\">a projekt t\u00e9nyleges befejez\u00e9si d\u00e1tuma: 2022.04.25.<\/li><\/ul><p style=\"text-align: center;\"><strong>A projekt tartalm\u00e1nak bemutat\u00e1sa:<\/strong><\/p><h6>\u00a0A Projekt\u00fcnk tartalmazza a k\u00f6telez\u0151en el\u0151\u00edrt technol\u00f3giafejleszt\u00e9s projektelemet (AMMANN ARS 130 \u00dathenger, AMMANN APH6530 Lapvibr\u00e1tor, Kobelco SK210 LC -l\u00e1nctalpas kotr\u00f3g\u00e9p). Ezen fel\u00fcl a k\u00f6telez\u0151en v\u00e1lasztand\u00f3 tev\u00e9kenys\u00e9gek k\u00f6z\u00fcl a v\u00e1llalkoz\u00e1sra hat\u00f3 projekt \u00e1ltali hat\u00e9konys\u00e1g n\u00f6veked\u00e9st al\u00e1t\u00e1maszt\u00f3 strat\u00e9giai \u00fczleti tan\u00e1csad\u00e1si tev\u00e9kenys\u00e9get tartalmazza m\u00e9g t\u00e1mogat\u00e1si k\u00e9relm\u00fcnk. C\u00e9lunk, hogy a t\u00e1mogat\u00e1s felhaszn\u00e1l\u00e1sa r\u00e9v\u00e9n modern technol\u00f3gi\u00e1k beszerz\u00e9s\u00e9re, a korszer\u0171 infrastruktur\u00e1lis felt\u00e9telek megteremt\u00e9s\u00e9re \u00e9s digitaliz\u00e1lt \u00fczleti \u00e9s termel\u00e9si folyamatok kialak\u00edt\u00e1s\u00e1ra ker\u00fclhessen sor, aminek r\u00e9v\u00e9n t\u00e1rsas\u00e1gunkn\u00e1l javul az er\u0151forr\u00e1s-hat\u00e9konys\u00e1g \u00e9s a szolg\u00e1ltat\u00e1sok min\u0151s\u00e9ge, ez pedig magasabb termel\u00e9kenys\u00e9gi szinthez vezet.<\/h6><h6>\u00a0V\u00e1llalkoz\u00e1sunk m\u00faltja \u00e9s szakmai tapasztalata miatt a projekt c\u00e9g\u00fcnk sz\u00e1m\u00e1ra szakmailag megval\u00f3s\u00edthat\u00f3. Minden beszerezni k\u00edv\u00e1nt eszk\u00f6z megfelel a vonatkoz\u00f3 eur\u00f3pai ir\u00e1nyelveknek, szabv\u00e1nyoknak, illetve az azokat\u00a0harmoniz\u00e1l\u00f3 magyar rendeleteknek, szabv\u00e1nyoknak, k\u00f6rnyezetv\u00e9delmi el\u0151\u00edr\u00e1soknak.<\/h6><h6>\u00a0A beszerezni k\u00edv\u00e1nt eszk\u00f6z\u00f6k \u00f6n\u00e1ll\u00f3an is alkalmasak a termel\u0151\/szolg\u00e1ltat\u00f3\u00a0tev\u00e9kenys\u00e9g v\u00e9gz\u00e9s\u00e9re, a fejlesztend\u0151 tev\u00e9kenys\u00e9g er\u0151s\u00edt\u00e9s\u00e9re (43.12 &#8211; \u00c9p\u00edt\u00e9si ter\u00fclet\u00a0el\u0151k\u00e9sz\u00edt\u00e9se) A p\u00e1ly\u00e1zat t\u00e1rgy\u00e1t k\u00e9pez\u0151 \u00faj munkag\u00e9pek a f\u00f6ldmunk\u00e1k t\u00f6bb f\u00e1zis\u00e1ban\u00a0is hasznos\u00edthat\u00f3. Az el\u00e9rhet\u0151 legmodernebb technol\u00f3giai sz\u00ednvonalat k\u00e9pvisel\u0151 eszk\u00f6z haszn\u00e1lata \u00e1ltal a v\u00e1llalkoz\u00e1s gazdas\u00e1gosabban tud m\u0171k\u00f6dni, mivel fogyaszt\u00e1sa\u00a0kevesebb \u00e9s szervizig\u00e9nye kisebb a korosabb eszk\u00f6z\u00f6kh\u00f6z k\u00e9pest.2<\/h6>\t\t\t\t\t\t<\/div>\n\t\t\t\t<\/div>\n\t\t\t\t\t<\/div>\n\t\t<\/div>\n\t\t\t\t\t<\/div>\n\t\t<\/section>\n\t\t\t\t<section class=\"elementor-section elementor-top-section elementor-element elementor-element-b1a225e elementor-section-boxed elementor-section-height-default elementor-section-height-default\" data-id=\"b1a225e\" data-element_type=\"section\" data-settings=\"{&quot;background_background&quot;:&quot;classic&quot;}\">\n\t\t\t\t\t\t\t<div class=\"elementor-background-overlay\"><\/div>\n\t\t\t\t\t\t\t<div class=\"elementor-container elementor-column-gap-default\">\n\t\t\t\t\t<div class=\"elementor-column elementor-col-50 elementor-top-column elementor-element elementor-element-6e3c941\" data-id=\"6e3c941\" data-element_type=\"column\">\n\t\t\t<div class=\"elementor-widget-wrap elementor-element-populated\">\n\t\t\t\t\t\t<div class=\"elementor-element elementor-element-ccbdf6c elementor-widget elementor-widget-image\" data-id=\"ccbdf6c\" data-element_type=\"widget\" data-widget_type=\"image.default\">\n\t\t\t\t<div class=\"elementor-widget-container\">\n\t\t\t\t\t\t\t\t\t\t\t\t\t<img decoding=\"async\" width=\"500\" height=\"345\" src=\"https:\/\/www.kpluszs.com\/wp-content\/uploads\/2022\/05\/gnop.png\" class=\"attachment-medium_large size-medium_large wp-image-40\" alt=\"\" srcset=\"https:\/\/www.kpluszs.com\/wp-content\/uploads\/2022\/05\/gnop.png 500w, https:\/\/www.kpluszs.com\/wp-content\/uploads\/2022\/05\/gnop-300x207.png 300w\" sizes=\"(max-width: 500px) 100vw, 500px\" style=\"width:100%;height:69%;max-width:500px\" \/>\t\t\t\t\t\t\t\t\t\t\t\t\t<\/div>\n\t\t\t\t<\/div>\n\t\t\t\t\t<\/div>\n\t\t<\/div>\n\t\t\t\t<div class=\"elementor-column elementor-col-50 elementor-top-column elementor-element elementor-element-73cda48\" data-id=\"73cda48\" data-element_type=\"column\">\n\t\t\t<div class=\"elementor-widget-wrap elementor-element-populated\">\n\t\t\t\t\t\t<div class=\"elementor-element elementor-element-9e9499c elementor-widget elementor-widget-text-editor\" data-id=\"9e9499c\" data-element_type=\"widget\" data-widget_type=\"text-editor.default\">\n\t\t\t\t<div class=\"elementor-widget-container\">\n\t\t\t\t\t\t\t<ul class=\"unIndentedList\"><li>Kedvezm\u00e9nyezett neve: K+S Kft.<\/li><li>A projekt c\u00edme: Kapacit\u00e1sb\u0151v\u00edt\u00e9s a K+S Kft-n\u00e9l<\/li><li>Projektazonos\u00edt\u00f3: GINOP-1.2.2-16-2017-01118<\/li><li>A szerz\u0151d\u00f6tt t\u00e1mogat\u00e1s \u00f6sszege: 11 000 000<\/li><li>A t\u00e1mogat\u00e1s m\u00e9rt\u00e9ke: 50%<\/li><li>A projekt befejez\u00e9si d\u00e1tuma: 2017.08.07.<\/li><\/ul>\t\t\t\t\t\t<\/div>\n\t\t\t\t<\/div>\n\t\t\t\t\t<\/div>\n\t\t<\/div>\n\t\t\t\t\t<\/div>\n\t\t<\/section>\n\t\t\t\t<section class=\"elementor-section elementor-top-section elementor-element elementor-element-ea910e8 elementor-section-boxed elementor-section-height-default elementor-section-height-default\" data-id=\"ea910e8\" data-element_type=\"section\" data-settings=\"{&quot;background_background&quot;:&quot;classic&quot;}\">\n\t\t\t\t\t\t\t<div class=\"elementor-background-overlay\"><\/div>\n\t\t\t\t\t\t\t<div class=\"elementor-container elementor-column-gap-default\">\n\t\t\t\t\t<div class=\"elementor-column elementor-col-50 elementor-top-column elementor-element elementor-element-36fb718\" data-id=\"36fb718\" data-element_type=\"column\">\n\t\t\t<div class=\"elementor-widget-wrap elementor-element-populated\">\n\t\t\t\t\t\t<div class=\"elementor-element elementor-element-63e4c77 elementor-widget elementor-widget-image\" data-id=\"63e4c77\" data-element_type=\"widget\" data-widget_type=\"image.default\">\n\t\t\t\t<div class=\"elementor-widget-container\">\n\t\t\t\t\t\t\t\t\t\t\t\t\t<img loading=\"lazy\" decoding=\"async\" width=\"640\" height=\"480\" src=\"https:\/\/www.kpluszs.com\/wp-content\/uploads\/2022\/05\/img-1863_medium.jpg\" class=\"attachment-large size-large wp-image-244\" alt=\"\" srcset=\"https:\/\/www.kpluszs.com\/wp-content\/uploads\/2022\/05\/img-1863_medium.jpg 640w, https:\/\/www.kpluszs.com\/wp-content\/uploads\/2022\/05\/img-1863_medium-300x225.jpg 300w\" sizes=\"(max-width: 640px) 100vw, 640px\" style=\"width:100%;height:75%;max-width:640px\" \/>\t\t\t\t\t\t\t\t\t\t\t\t\t<\/div>\n\t\t\t\t<\/div>\n\t\t\t\t\t<\/div>\n\t\t<\/div>\n\t\t\t\t<div class=\"elementor-column elementor-col-50 elementor-top-column elementor-element elementor-element-cc8e76d\" data-id=\"cc8e76d\" data-element_type=\"column\">\n\t\t\t<div class=\"elementor-widget-wrap elementor-element-populated\">\n\t\t\t\t\t\t<div class=\"elementor-element elementor-element-69a311a elementor-widget elementor-widget-text-editor\" data-id=\"69a311a\" data-element_type=\"widget\" data-widget_type=\"text-editor.default\">\n\t\t\t\t<div class=\"elementor-widget-container\">\n\t\t\t\t\t\t\t<ul class=\"unIndentedList\"><li style=\"text-align: left;\">Az \u00fat, aut\u00f3p\u00e1lya \u00e9p\u00edt\u00e9si tev\u00e9kenys\u00e9gehez kapcsol\u00f3d\u00f3 beruh\u00e1z\u00e1s val\u00f3sult meg. A projekt keret\u00e9ben 1 db CASE WX148 gumikerekes kotr\u00f3g\u00e9p ker\u00fclt beszerz\u00e9sre, melynek k\u00f6sz\u00f6nhet\u0151en az \u00fcgyfelek magasabb sz\u00ednvonal\u00fa kiszolg\u00e1l\u00e1sa, \u00e1rbev\u00e9tel\u00fcnk n\u00f6veked\u00e9se \u00e9s piaci poz\u00edci\u00f3nk er\u0151s\u00f6d\u00e9se v\u00e1rhat\u00f3.<\/li><\/ul>\t\t\t\t\t\t<\/div>\n\t\t\t\t<\/div>\n\t\t\t\t\t<\/div>\n\t\t<\/div>\n\t\t\t\t\t<\/div>\n\t\t<\/section>\n\t\t\t\t<section class=\"elementor-section elementor-top-section elementor-element elementor-element-ca96526 elementor-section-boxed elementor-section-height-default elementor-section-height-default\" data-id=\"ca96526\" data-element_type=\"section\" data-settings=\"{&quot;background_background&quot;:&quot;classic&quot;}\">\n\t\t\t\t\t\t\t<div class=\"elementor-background-overlay\"><\/div>\n\t\t\t\t\t\t\t<div class=\"elementor-container elementor-column-gap-default\">\n\t\t\t\t\t<div class=\"elementor-column elementor-col-50 elementor-top-column elementor-element elementor-element-f24be16\" data-id=\"f24be16\" data-element_type=\"column\">\n\t\t\t<div class=\"elementor-widget-wrap elementor-element-populated\">\n\t\t\t\t\t\t<div class=\"elementor-element elementor-element-d1dde9d elementor-widget elementor-widget-image\" data-id=\"d1dde9d\" data-element_type=\"widget\" data-widget_type=\"image.default\">\n\t\t\t\t<div class=\"elementor-widget-container\">\n\t\t\t\t\t\t\t\t\t\t\t\t\t<img loading=\"lazy\" decoding=\"async\" width=\"700\" height=\"525\" src=\"https:\/\/www.kpluszs.com\/wp-content\/uploads\/2022\/05\/lancatlpas_kotro_medium.jpg\" class=\"attachment-medium_large size-medium_large wp-image-248\" alt=\"\" srcset=\"https:\/\/www.kpluszs.com\/wp-content\/uploads\/2022\/05\/lancatlpas_kotro_medium.jpg 700w, https:\/\/www.kpluszs.com\/wp-content\/uploads\/2022\/05\/lancatlpas_kotro_medium-300x225.jpg 300w\" sizes=\"(max-width: 700px) 100vw, 700px\" style=\"width:100%;height:75%;max-width:700px\" \/>\t\t\t\t\t\t\t\t\t\t\t\t\t<\/div>\n\t\t\t\t<\/div>\n\t\t\t\t\t<\/div>\n\t\t<\/div>\n\t\t\t\t<div class=\"elementor-column elementor-col-50 elementor-top-column elementor-element elementor-element-1003c38\" data-id=\"1003c38\" data-element_type=\"column\">\n\t\t\t<div class=\"elementor-widget-wrap elementor-element-populated\">\n\t\t\t\t\t\t<div class=\"elementor-element elementor-element-0b2098d elementor-widget elementor-widget-text-editor\" data-id=\"0b2098d\" data-element_type=\"widget\" data-widget_type=\"text-editor.default\">\n\t\t\t\t<div class=\"elementor-widget-container\">\n\t\t\t\t\t\t\t<ul><li>Kedvezm\u00e9nyezett neve: K+S Kft.<\/li><li>A projekt c\u00edme: Mikro-, kis- \u00e9s k\u00f6z\u00e9pv\u00e1llalkoz\u00e1sok technol\u00f3giai korszer\u0171s\u00edt\u00e9se c\u00e9l\u00fa Hitelprogram<\/li><li>Projektazonos\u00edt\u00f3: GINOP-8.3.5-18<\/li><li>A szerz\u0151d\u00f6tt t\u00e1mogat\u00e1s \u00f6sszege: 2\u00a0138\u00a0086Ft<\/li><li>A szerz\u0151d\u00f6tt k\u00f6lcs\u00f6n \u00f6sszege: 43\u00a0200\u00a0000Ft<\/li><li>A t\u00e1mogat\u00e1s m\u00e9rt\u00e9ke: 4,45 %<\/li><li>A projekt befejez\u00e9si d\u00e1tuma: 2018.12.06.<\/li><li>A projekt tartalm\u00e1nak bemutat\u00e1sa: A c\u00e9g f\u0151 tev\u00e9kenys\u00e9ge \u00fat-aut\u00f3p\u00e1lya \u00e9p\u00edt\u00e9se, b\u00e1rmilyen terepen. Az eszk\u00f6zpark \u00faj\u00edt\u00e1sa a f\u0151 c\u00e9l. A folyamatosan b\u0151v\u00fcl\u0151 felk\u00e9r\u00e9sek min\u00e9l sz\u00e9lesebb k\u00f6rben t\u00f6rt\u00e9n\u0151 ell\u00e1t\u00e1sa. Al\u00e1bbi eszk\u00f6z beszerz\u00e9se t\u00f6rt\u00e9nt: Kobelco SK 210 LC-10 L\u00e1nctalpas kotr\u00f3<\/li><\/ul>\t\t\t\t\t\t<\/div>\n\t\t\t\t<\/div>\n\t\t\t\t\t<\/div>\n\t\t<\/div>\n\t\t\t\t\t<\/div>\n\t\t<\/section>\n\t\t\t\t<section class=\"elementor-section elementor-top-section elementor-element elementor-element-1f3d6a8e elementor-section-full_width elementor-section-height-min-height elementor-section-items-stretch elementor-section-stretched elementor-section-height-default\" data-id=\"1f3d6a8e\" data-element_type=\"section\" data-settings=\"{&quot;background_background&quot;:&quot;classic&quot;,&quot;stretch_section&quot;:&quot;section-stretched&quot;}\">\n\t\t\t\t\t\t<div class=\"elementor-container elementor-column-gap-default\">\n\t\t\t\t\t<div class=\"elementor-column elementor-col-33 elementor-top-column elementor-element elementor-element-30896a7\" data-id=\"30896a7\" data-element_type=\"column\">\n\t\t\t<div class=\"elementor-widget-wrap elementor-element-populated\">\n\t\t\t\t\t\t<div class=\"elementor-element elementor-element-70ceb196 elementor-widget elementor-widget-text-editor\" data-id=\"70ceb196\" data-element_type=\"widget\" data-widget_type=\"text-editor.default\">\n\t\t\t\t<div class=\"elementor-widget-container\">\n\t\t\t\t\t\t\t<p style=\"text-align: center;\">+36 30 820 8944<\/p>\t\t\t\t\t\t<\/div>\n\t\t\t\t<\/div>\n\t\t\t\t\t<\/div>\n\t\t<\/div>\n\t\t\t\t<div class=\"elementor-column elementor-col-33 elementor-top-column elementor-element elementor-element-546b42d0\" data-id=\"546b42d0\" data-element_type=\"column\">\n\t\t\t<div class=\"elementor-widget-wrap elementor-element-populated\">\n\t\t\t\t\t\t<div class=\"elementor-element elementor-element-c11bfd6 elementor-widget elementor-widget-text-editor\" data-id=\"c11bfd6\" data-element_type=\"widget\" data-widget_type=\"text-editor.default\">\n\t\t\t\t<div class=\"elementor-widget-container\">\n\t\t\t\t\t\t\t<p style=\"text-align: center;\"><a href=\"mailto:kpluszskft@gmail.com\">kpluszskft@gmail.com<\/a><\/p>\t\t\t\t\t\t<\/div>\n\t\t\t\t<\/div>\n\t\t\t\t\t<\/div>\n\t\t<\/div>\n\t\t\t\t<div class=\"elementor-column elementor-col-33 elementor-top-column elementor-element elementor-element-3c12eea2\" data-id=\"3c12eea2\" data-element_type=\"column\">\n\t\t\t<div class=\"elementor-widget-wrap elementor-element-populated\">\n\t\t\t\t\t\t<div class=\"elementor-element elementor-element-5fc750a0 elementor-widget elementor-widget-heading\" data-id=\"5fc750a0\" data-element_type=\"widget\" data-widget_type=\"heading.default\">\n\t\t\t\t<div class=\"elementor-widget-container\">\n\t\t\t<h2 class=\"elementor-heading-title elementor-size-default\">Minden jog fenntartva \u00a9 2022<\/h2>\t\t<\/div>\n\t\t\t\t<\/div>\n\t\t\t\t\t<\/div>\n\t\t<\/div>\n\t\t\t\t\t<\/div>\n\t\t<\/section>\n\t\t\t\t<\/div>\n\t\t","protected":false},"excerpt":{"rendered":"<p>a kedvezm\u00e9nyezett neve: K+S Kereskedelmi \u00e9s Szolg\u00e1ltat\u00f3 Korl\u00e1tolt Felel\u0151ss\u00e9g\u0171 T\u00e1rsas\u00e1g a projekt c\u00edme: A K+S Kft fejleszt\u00e9se a szerz\u0151d\u00f6tt t\u00e1mogat\u00e1s \u00f6sszege: 68 539 029 Ft a t\u00e1mogat\u00e1s m\u00e9rt\u00e9ke (%-ban): 70%\u00a0 \u00a0 \u00a0 \u00a0 a projekt t\u00e9nyleges befejez\u00e9si d\u00e1tuma: 2022.04.25. A projekt tartalm\u00e1nak bemutat\u00e1sa: \u00a0A Projekt\u00fcnk tartalmazza a k\u00f6telez\u0151en el\u0151\u00edrt technol\u00f3giafejleszt\u00e9s projektelemet (AMMANN ARS 130 \u00dathenger,&hellip; <a class=\"more-link\" href=\"https:\/\/www.kpluszs.com\/?page_id=238\"><span class=\"screen-reader-text\">Palyazat<\/span> olvas\u00e1s\u00e1nak folytat\u00e1sa<\/a><\/p>\n","protected":false},"author":2,"featured_media":0,"parent":0,"menu_order":0,"comment_status":"closed","ping_status":"closed","template":"elementor_canvas","meta":{"footnotes":""},"class_list":["post-238","page","type-page","status-publish","hentry","entry"],"_links":{"self":[{"href":"https:\/\/www.kpluszs.com\/index.php?rest_route=\/wp\/v2\/pages\/238"}],"collection":[{"href":"https:\/\/www.kpluszs.com\/index.php?rest_route=\/wp\/v2\/pages"}],"about":[{"href":"https:\/\/www.kpluszs.com\/index.php?rest_route=\/wp\/v2\/types\/page"}],"author":[{"embeddable":true,"href":"https:\/\/www.kpluszs.com\/index.php?rest_route=\/wp\/v2\/users\/2"}],"replies":[{"embeddable":true,"href":"https:\/\/www.kpluszs.com\/index.php?rest_route=%2Fwp%2Fv2%2Fcomments&post=238"}],"version-history":[{"count":25,"href":"https:\/\/www.kpluszs.com\/index.php?rest_route=\/wp\/v2\/pages\/238\/revisions"}],"predecessor-version":[{"id":306,"href":"https:\/\/www.kpluszs.com\/index.php?rest_route=\/wp\/v2\/pages\/238\/revisions\/306"}],"wp:attachment":[{"href":"https:\/\/www.kpluszs.com\/index.php?rest_route=%2Fwp%2Fv2%2Fmedia&parent=238"}],"curies":[{"name":"wp","href":"https:\/\/api.w.org\/{rel}","templated":true}]}}