{"id":225,"date":"2022-05-13T12:55:30","date_gmt":"2022-05-13T12:55:30","guid":{"rendered":"https:\/\/uj.kpluszs.com\/?page_id=225"},"modified":"2022-05-17T21:19:00","modified_gmt":"2022-05-17T20:19:00","slug":"elementor-8-2-2-2","status":"publish","type":"page","link":"https:\/\/www.kpluszs.com\/?page_id=225","title":{"rendered":"Kapcsolat"},"content":{"rendered":"\t\t<div data-elementor-type=\"wp-post\" data-elementor-id=\"225\" class=\"elementor elementor-225\" data-elementor-post-type=\"page\">\n\t\t\t\t\t\t<section class=\"elementor-section elementor-top-section elementor-element elementor-element-70f028c elementor-section-full_width elementor-section-stretched elementor-section-height-default elementor-section-height-default\" data-id=\"70f028c\" data-element_type=\"section\" data-settings=\"{&quot;stretch_section&quot;:&quot;section-stretched&quot;,&quot;background_background&quot;:&quot;classic&quot;}\">\n\t\t\t\t\t\t<div class=\"elementor-container elementor-column-gap-default\">\n\t\t\t\t\t<div class=\"elementor-column elementor-col-100 elementor-top-column elementor-element elementor-element-adfa5d2\" data-id=\"adfa5d2\" data-element_type=\"column\">\n\t\t\t<div class=\"elementor-widget-wrap elementor-element-populated\">\n\t\t\t\t\t\t<div class=\"elementor-element elementor-element-32ad41c elementor-nav-menu__align-center elementor-nav-menu--stretch elementor-nav-menu__text-align-center elementor-nav-menu--dropdown-tablet elementor-widget elementor-widget-nav-menu\" data-id=\"32ad41c\" data-element_type=\"widget\" data-settings=\"{&quot;full_width&quot;:&quot;stretch&quot;,&quot;submenu_icon&quot;:{&quot;value&quot;:&quot;&lt;i class=\\&quot;\\&quot;&gt;&lt;\\\/i&gt;&quot;,&quot;library&quot;:&quot;&quot;},&quot;layout&quot;:&quot;horizontal&quot;}\" data-widget_type=\"nav-menu.default\">\n\t\t\t\t<div class=\"elementor-widget-container\">\n\t\t\t\t\t\t<nav aria-label=\"Men\u00fc\" class=\"elementor-nav-menu--main elementor-nav-menu__container elementor-nav-menu--layout-horizontal e--pointer-underline e--animation-grow\">\n\t\t\t\t<ul id=\"menu-1-32ad41c\" class=\"elementor-nav-menu\"><li class=\"menu-item menu-item-type-post_type menu-item-object-page menu-item-home menu-item-231\"><a href=\"https:\/\/www.kpluszs.com\/\" class=\"elementor-item\">F\u0150OLDAL<\/a><\/li>\n<li class=\"menu-item menu-item-type-post_type menu-item-object-page menu-item-232\"><a href=\"https:\/\/www.kpluszs.com\/?page_id=178\" class=\"elementor-item\">REFERENCI\u00c1K<\/a><\/li>\n<li class=\"menu-item menu-item-type-post_type menu-item-object-page menu-item-234\"><a href=\"https:\/\/www.kpluszs.com\/?page_id=204\" class=\"elementor-item\">B\u00c9RG\u00c9PEK<\/a><\/li>\n<li class=\"menu-item menu-item-type-post_type menu-item-object-page menu-item-233\"><a href=\"https:\/\/www.kpluszs.com\/?page_id=225\" class=\"elementor-item\">KAPCSOLAT<\/a><\/li>\n<li class=\"menu-item menu-item-type-custom menu-item-object-custom menu-item-64\"><a href=\"https:\/\/apartman.kpluszs.com\" class=\"elementor-item\">APARTMAN<\/a><\/li>\n<\/ul>\t\t\t<\/nav>\n\t\t\t\t\t\t<nav class=\"elementor-nav-menu--dropdown elementor-nav-menu__container\" aria-hidden=\"true\">\n\t\t\t\t<ul id=\"menu-2-32ad41c\" class=\"elementor-nav-menu\"><li class=\"menu-item menu-item-type-post_type menu-item-object-page menu-item-home menu-item-231\"><a href=\"https:\/\/www.kpluszs.com\/\" class=\"elementor-item\" tabindex=\"-1\">F\u0150OLDAL<\/a><\/li>\n<li class=\"menu-item menu-item-type-post_type menu-item-object-page menu-item-232\"><a href=\"https:\/\/www.kpluszs.com\/?page_id=178\" class=\"elementor-item\" tabindex=\"-1\">REFERENCI\u00c1K<\/a><\/li>\n<li class=\"menu-item menu-item-type-post_type menu-item-object-page menu-item-234\"><a href=\"https:\/\/www.kpluszs.com\/?page_id=204\" class=\"elementor-item\" tabindex=\"-1\">B\u00c9RG\u00c9PEK<\/a><\/li>\n<li class=\"menu-item menu-item-type-post_type menu-item-object-page menu-item-233\"><a href=\"https:\/\/www.kpluszs.com\/?page_id=225\" class=\"elementor-item\" tabindex=\"-1\">KAPCSOLAT<\/a><\/li>\n<li class=\"menu-item menu-item-type-custom menu-item-object-custom menu-item-64\"><a href=\"https:\/\/apartman.kpluszs.com\" class=\"elementor-item\" tabindex=\"-1\">APARTMAN<\/a><\/li>\n<\/ul>\t\t\t<\/nav>\n\t\t\t\t<\/div>\n\t\t\t\t<\/div>\n\t\t\t\t\t<\/div>\n\t\t<\/div>\n\t\t\t\t\t<\/div>\n\t\t<\/section>\n\t\t\t\t<section class=\"elementor-section elementor-top-section elementor-element elementor-element-ca96526 elementor-section-boxed elementor-section-height-default elementor-section-height-default\" data-id=\"ca96526\" data-element_type=\"section\" data-settings=\"{&quot;background_background&quot;:&quot;classic&quot;}\">\n\t\t\t\t\t\t\t<div class=\"elementor-background-overlay\"><\/div>\n\t\t\t\t\t\t\t<div class=\"elementor-container elementor-column-gap-default\">\n\t\t\t\t\t<div class=\"elementor-column elementor-col-100 elementor-top-column elementor-element elementor-element-f24be16\" data-id=\"f24be16\" data-element_type=\"column\">\n\t\t\t<div class=\"elementor-widget-wrap elementor-element-populated\">\n\t\t\t\t\t\t<div class=\"elementor-element elementor-element-2f646a8 elementor-widget elementor-widget-google_maps\" data-id=\"2f646a8\" data-element_type=\"widget\" data-widget_type=\"google_maps.default\">\n\t\t\t\t<div class=\"elementor-widget-container\">\n\t\t\t\t\t<div class=\"elementor-custom-embed\">\n\t\t\t<iframe loading=\"lazy\"\n\t\t\t\t\tsrc=\"https:\/\/maps.google.com\/maps?q=2541.%20L%C3%A1batlan%2C%20Honv%C3%A9d%20utca%2045.&#038;t=m&#038;z=16&#038;output=embed&#038;iwloc=near\"\n\t\t\t\t\ttitle=\"2541. L\u00e1batlan, Honv\u00e9d utca 45.\"\n\t\t\t\t\taria-label=\"2541. L\u00e1batlan, Honv\u00e9d utca 45.\"\n\t\t\t><\/iframe>\n\t\t<\/div>\n\t\t\t\t<\/div>\n\t\t\t\t<\/div>\n\t\t\t\t<section class=\"elementor-section elementor-inner-section elementor-element elementor-element-eaf0bf9 elementor-section-boxed elementor-section-height-default elementor-section-height-default\" data-id=\"eaf0bf9\" data-element_type=\"section\">\n\t\t\t\t\t\t<div class=\"elementor-container elementor-column-gap-default\">\n\t\t\t\t\t<div class=\"elementor-column elementor-col-100 elementor-inner-column elementor-element elementor-element-81a6877\" data-id=\"81a6877\" data-element_type=\"column\">\n\t\t\t<div class=\"elementor-widget-wrap elementor-element-populated\">\n\t\t\t\t\t\t<div class=\"elementor-element elementor-element-1fcd2ce elementor-widget elementor-widget-text-editor\" data-id=\"1fcd2ce\" data-element_type=\"widget\" data-widget_type=\"text-editor.default\">\n\t\t\t\t<div class=\"elementor-widget-container\">\n\t\t\t\t\t\t\t<p style=\"text-align: left;\"><strong>C\u00edm<\/strong>: 2541. L\u00e1batan, Honv\u00e9d utca 45.<\/p><p style=\"text-align: left;\"><strong>\u00dcgyvezet\u0151 igazgat\u00f3<\/strong>: Schubertn\u00e9 \u00c9berle Katalin<\/p><p><strong>Telefon<\/strong>: +36 30 820 8944<\/p><p><strong>E-mail<\/strong>: kskft@citromail.hu<\/p>\t\t\t\t\t\t<\/div>\n\t\t\t\t<\/div>\n\t\t\t\t\t<\/div>\n\t\t<\/div>\n\t\t\t\t\t<\/div>\n\t\t<\/section>\n\t\t\t\t\t<\/div>\n\t\t<\/div>\n\t\t\t\t\t<\/div>\n\t\t<\/section>\n\t\t\t\t<section class=\"elementor-section elementor-top-section elementor-element elementor-element-1f3d6a8e elementor-section-full_width elementor-section-height-min-height elementor-section-items-stretch elementor-section-stretched elementor-section-height-default\" data-id=\"1f3d6a8e\" data-element_type=\"section\" data-settings=\"{&quot;background_background&quot;:&quot;classic&quot;,&quot;stretch_section&quot;:&quot;section-stretched&quot;}\">\n\t\t\t\t\t\t<div class=\"elementor-container elementor-column-gap-default\">\n\t\t\t\t\t<div class=\"elementor-column elementor-col-33 elementor-top-column elementor-element elementor-element-30896a7\" data-id=\"30896a7\" data-element_type=\"column\">\n\t\t\t<div class=\"elementor-widget-wrap elementor-element-populated\">\n\t\t\t\t\t\t<div class=\"elementor-element elementor-element-70ceb196 elementor-widget elementor-widget-text-editor\" data-id=\"70ceb196\" data-element_type=\"widget\" data-widget_type=\"text-editor.default\">\n\t\t\t\t<div class=\"elementor-widget-container\">\n\t\t\t\t\t\t\t<p style=\"text-align: center;\">+36 30 820 8944<\/p>\t\t\t\t\t\t<\/div>\n\t\t\t\t<\/div>\n\t\t\t\t\t<\/div>\n\t\t<\/div>\n\t\t\t\t<div class=\"elementor-column elementor-col-33 elementor-top-column elementor-element elementor-element-546b42d0\" data-id=\"546b42d0\" data-element_type=\"column\">\n\t\t\t<div class=\"elementor-widget-wrap elementor-element-populated\">\n\t\t\t\t\t\t<div class=\"elementor-element elementor-element-c11bfd6 elementor-widget elementor-widget-text-editor\" data-id=\"c11bfd6\" data-element_type=\"widget\" data-widget_type=\"text-editor.default\">\n\t\t\t\t<div class=\"elementor-widget-container\">\n\t\t\t\t\t\t\t<p style=\"text-align: center;\"><a href=\"mailto:kpluszskft@gmail.com\">kpluszskft@gmail.com<\/a><\/p>\t\t\t\t\t\t<\/div>\n\t\t\t\t<\/div>\n\t\t\t\t\t<\/div>\n\t\t<\/div>\n\t\t\t\t<div class=\"elementor-column elementor-col-33 elementor-top-column elementor-element elementor-element-3c12eea2\" data-id=\"3c12eea2\" data-element_type=\"column\">\n\t\t\t<div class=\"elementor-widget-wrap elementor-element-populated\">\n\t\t\t\t\t\t<div class=\"elementor-element elementor-element-5fc750a0 elementor-widget elementor-widget-heading\" data-id=\"5fc750a0\" data-element_type=\"widget\" data-widget_type=\"heading.default\">\n\t\t\t\t<div class=\"elementor-widget-container\">\n\t\t\t<h2 class=\"elementor-heading-title elementor-size-default\">Minden jog fenntartva \u00a9 2022<\/h2>\t\t<\/div>\n\t\t\t\t<\/div>\n\t\t\t\t\t<\/div>\n\t\t<\/div>\n\t\t\t\t\t<\/div>\n\t\t<\/section>\n\t\t\t\t<\/div>\n\t\t","protected":false},"excerpt":{"rendered":"<p>C\u00edm: 2541. L\u00e1batan, Honv\u00e9d utca 45. \u00dcgyvezet\u0151 igazgat\u00f3: Schubertn\u00e9 \u00c9berle Katalin Telefon: +36 30 820 8944 E-mail: kskft@citromail.hu +36 30 820 8944 kpluszskft@gmail.com Minden jog fenntartva \u00a9 2022<\/p>\n","protected":false},"author":2,"featured_media":0,"parent":0,"menu_order":0,"comment_status":"closed","ping_status":"closed","template":"elementor_canvas","meta":{"footnotes":""},"class_list":["post-225","page","type-page","status-publish","hentry","entry"],"_links":{"self":[{"href":"https:\/\/www.kpluszs.com\/index.php?rest_route=\/wp\/v2\/pages\/225"}],"collection":[{"href":"https:\/\/www.kpluszs.com\/index.php?rest_route=\/wp\/v2\/pages"}],"about":[{"href":"https:\/\/www.kpluszs.com\/index.php?rest_route=\/wp\/v2\/types\/page"}],"author":[{"embeddable":true,"href":"https:\/\/www.kpluszs.com\/index.php?rest_route=\/wp\/v2\/users\/2"}],"replies":[{"embeddable":true,"href":"https:\/\/www.kpluszs.com\/index.php?rest_route=%2Fwp%2Fv2%2Fcomments&post=225"}],"version-history":[{"count":7,"href":"https:\/\/www.kpluszs.com\/index.php?rest_route=\/wp\/v2\/pages\/225\/revisions"}],"predecessor-version":[{"id":279,"href":"https:\/\/www.kpluszs.com\/index.php?rest_route=\/wp\/v2\/pages\/225\/revisions\/279"}],"wp:attachment":[{"href":"https:\/\/www.kpluszs.com\/index.php?rest_route=%2Fwp%2Fv2%2Fmedia&parent=225"}],"curies":[{"name":"wp","href":"https:\/\/api.w.org\/{rel}","templated":true}]}}