{"id":178,"date":"2022-05-13T11:40:19","date_gmt":"2022-05-13T11:40:19","guid":{"rendered":"https:\/\/uj.kpluszs.com\/?page_id=178"},"modified":"2022-05-17T21:20:27","modified_gmt":"2022-05-17T20:20:27","slug":"elementor-8-2","status":"publish","type":"page","link":"https:\/\/www.kpluszs.com\/?page_id=178","title":{"rendered":"Referenciak"},"content":{"rendered":"\t\t<div data-elementor-type=\"wp-post\" data-elementor-id=\"178\" class=\"elementor elementor-178\" data-elementor-post-type=\"page\">\n\t\t\t\t\t\t<section class=\"elementor-section elementor-top-section elementor-element elementor-element-70f028c elementor-section-full_width elementor-section-stretched elementor-section-height-default elementor-section-height-default\" data-id=\"70f028c\" data-element_type=\"section\" data-settings=\"{&quot;stretch_section&quot;:&quot;section-stretched&quot;,&quot;background_background&quot;:&quot;classic&quot;}\">\n\t\t\t\t\t\t<div class=\"elementor-container elementor-column-gap-default\">\n\t\t\t\t\t<div class=\"elementor-column elementor-col-100 elementor-top-column elementor-element elementor-element-adfa5d2\" data-id=\"adfa5d2\" data-element_type=\"column\">\n\t\t\t<div class=\"elementor-widget-wrap elementor-element-populated\">\n\t\t\t\t\t\t<div class=\"elementor-element elementor-element-32ad41c elementor-nav-menu__align-center elementor-nav-menu--stretch elementor-nav-menu__text-align-center elementor-nav-menu--dropdown-tablet elementor-widget elementor-widget-nav-menu\" data-id=\"32ad41c\" data-element_type=\"widget\" data-settings=\"{&quot;full_width&quot;:&quot;stretch&quot;,&quot;submenu_icon&quot;:{&quot;value&quot;:&quot;&lt;i class=\\&quot;\\&quot;&gt;&lt;\\\/i&gt;&quot;,&quot;library&quot;:&quot;&quot;},&quot;layout&quot;:&quot;horizontal&quot;}\" data-widget_type=\"nav-menu.default\">\n\t\t\t\t<div class=\"elementor-widget-container\">\n\t\t\t\t\t\t<nav aria-label=\"Men\u00fc\" class=\"elementor-nav-menu--main elementor-nav-menu__container elementor-nav-menu--layout-horizontal e--pointer-underline e--animation-grow\">\n\t\t\t\t<ul id=\"menu-1-32ad41c\" class=\"elementor-nav-menu\"><li class=\"menu-item menu-item-type-post_type menu-item-object-page menu-item-home menu-item-231\"><a href=\"https:\/\/www.kpluszs.com\/\" class=\"elementor-item\">F\u0150OLDAL<\/a><\/li>\n<li class=\"menu-item menu-item-type-post_type menu-item-object-page menu-item-232\"><a href=\"https:\/\/www.kpluszs.com\/?page_id=178\" class=\"elementor-item\">REFERENCI\u00c1K<\/a><\/li>\n<li class=\"menu-item menu-item-type-post_type menu-item-object-page menu-item-234\"><a href=\"https:\/\/www.kpluszs.com\/?page_id=204\" class=\"elementor-item\">B\u00c9RG\u00c9PEK<\/a><\/li>\n<li class=\"menu-item menu-item-type-post_type menu-item-object-page menu-item-233\"><a href=\"https:\/\/www.kpluszs.com\/?page_id=225\" class=\"elementor-item\">KAPCSOLAT<\/a><\/li>\n<li class=\"menu-item menu-item-type-custom menu-item-object-custom menu-item-64\"><a href=\"https:\/\/apartman.kpluszs.com\" class=\"elementor-item\">APARTMAN<\/a><\/li>\n<\/ul>\t\t\t<\/nav>\n\t\t\t\t\t\t<nav class=\"elementor-nav-menu--dropdown elementor-nav-menu__container\" aria-hidden=\"true\">\n\t\t\t\t<ul id=\"menu-2-32ad41c\" class=\"elementor-nav-menu\"><li class=\"menu-item menu-item-type-post_type menu-item-object-page menu-item-home menu-item-231\"><a href=\"https:\/\/www.kpluszs.com\/\" class=\"elementor-item\" tabindex=\"-1\">F\u0150OLDAL<\/a><\/li>\n<li class=\"menu-item menu-item-type-post_type menu-item-object-page menu-item-232\"><a href=\"https:\/\/www.kpluszs.com\/?page_id=178\" class=\"elementor-item\" tabindex=\"-1\">REFERENCI\u00c1K<\/a><\/li>\n<li class=\"menu-item menu-item-type-post_type menu-item-object-page menu-item-234\"><a href=\"https:\/\/www.kpluszs.com\/?page_id=204\" class=\"elementor-item\" tabindex=\"-1\">B\u00c9RG\u00c9PEK<\/a><\/li>\n<li class=\"menu-item menu-item-type-post_type menu-item-object-page menu-item-233\"><a href=\"https:\/\/www.kpluszs.com\/?page_id=225\" class=\"elementor-item\" tabindex=\"-1\">KAPCSOLAT<\/a><\/li>\n<li class=\"menu-item menu-item-type-custom menu-item-object-custom menu-item-64\"><a href=\"https:\/\/apartman.kpluszs.com\" class=\"elementor-item\" tabindex=\"-1\">APARTMAN<\/a><\/li>\n<\/ul>\t\t\t<\/nav>\n\t\t\t\t<\/div>\n\t\t\t\t<\/div>\n\t\t\t\t\t<\/div>\n\t\t<\/div>\n\t\t\t\t\t<\/div>\n\t\t<\/section>\n\t\t\t\t<section class=\"elementor-section elementor-top-section elementor-element elementor-element-b1a225e elementor-section-boxed elementor-section-height-default elementor-section-height-default\" data-id=\"b1a225e\" data-element_type=\"section\" data-settings=\"{&quot;background_background&quot;:&quot;classic&quot;}\">\n\t\t\t\t\t\t\t<div class=\"elementor-background-overlay\"><\/div>\n\t\t\t\t\t\t\t<div class=\"elementor-container elementor-column-gap-default\">\n\t\t\t\t\t<div class=\"elementor-column elementor-col-50 elementor-top-column elementor-element elementor-element-6e3c941\" data-id=\"6e3c941\" data-element_type=\"column\">\n\t\t\t<div class=\"elementor-widget-wrap elementor-element-populated\">\n\t\t\t\t\t\t<div class=\"elementor-element elementor-element-021849a elementor-widget elementor-widget-text-editor\" data-id=\"021849a\" data-element_type=\"widget\" data-widget_type=\"text-editor.default\">\n\t\t\t\t<div class=\"elementor-widget-container\">\n\t\t\t\t\t\t\t<section class=\"Content_Basic\"><ul><li>M3 Aut\u00f3p\u00e1lya 260+700 -265+900 Kmsz. szakasz f\u00f6ldmunk\u00e1i.<br \/><br \/><\/li><li>Life 08 NAT\/H000289 azonos\u00edt\u00f3 sz\u00e1m\u00fa \u201eLIFE+Kisalf\u00f6ldi homokpuszta&#8221; projekt keret\u00e9ben a C.4. akci\u00f3 megval\u00f3s\u00edt\u00e1s\u00e1n bel\u00fcl, \u00e9p\u00fclet bont\u00e1sok ut\u00e1ni helyre\u00e1ll\u00edt\u00e1si munk\u00e1k elv\u00e9gz\u00e9se.<br \/><br \/><\/li><li>A Life 08 NAT\/H000289 azonos\u00edt\u00f3 sz\u00e1m\u00fa \u201eLIFE+Kisalf\u00f6ldi homokpuszta&#8221; projekt keret\u00e9ben a C.4. akci\u00f3 megval\u00f3s\u00edt\u00e1s\u00e1n bel\u00fcl, a f\u00f6lds\u00e1ncok term\u00e9szetes f\u00f6ldfelsz\u00edn\u00e9nek helyre\u00e1ll\u00edt\u00e1sa.<br \/><br \/><\/li><li>LIFE 08 NAT\/HU\/000289 azonos\u00edt\u00f3 sz\u00e1m\u00fa, &#8222;LIFE+ Kisalf\u00f6ldi \u00a0homokpuszta&#8221; projekt keret\u00e9ben a felhagyott katonai \u00e9p\u00fcletek bont\u00e1s\u00e1b\u00f3l sz\u00e1rmaz\u00f3 t\u00f6rme- l\u00e9kek \u00e9s az illeg\u00e1lis szem\u00e9t \u00f6sszegy\u0171jt\u00e9se, dep\u00f3z\u00e1sa \u00a0a projekt ter\u00fclet\u00e9n. Akci\u00f3 sz\u00e1ma C.5<\/li><\/ul><\/section><section class=\"Content_Basic\"><\/section>\t\t\t\t\t\t<\/div>\n\t\t\t\t<\/div>\n\t\t\t\t\t<\/div>\n\t\t<\/div>\n\t\t\t\t<div class=\"elementor-column elementor-col-50 elementor-top-column elementor-element elementor-element-73cda48\" data-id=\"73cda48\" data-element_type=\"column\">\n\t\t\t<div class=\"elementor-widget-wrap elementor-element-populated\">\n\t\t\t\t\t\t<div class=\"elementor-element elementor-element-40c8b77 elementor-widget elementor-widget-text-editor\" data-id=\"40c8b77\" data-element_type=\"widget\" data-widget_type=\"text-editor.default\">\n\t\t\t\t<div class=\"elementor-widget-container\">\n\t\t\t\t\t\t\t<ul><li>M43 aut\u00f3p\u00e1lya 18+400-34+600 km szelv\u00e9ny k\u00f6z\u00f6tti szakasz, valamint a csatlakoz\u00f3 \u00e9p\u00edtm\u00e9nyek kivitelez\u00e9si munk\u00e1ihoz kapcsol\u00f3d\u00f3 f\u00f6ldmunka.<br \/><br \/><\/li><li>Sz\u00e9kesfeh\u00e9rv\u00e1r \u00e9s t\u00e9rs\u00e9ge Sereg\u00e9lyes szennyv\u00edz csatorna\u00e9p\u00edt\u00e9s.<br \/><br \/><\/li><li>Az M3 gyorsforgalmi \u00fat Ny\u00edregyh\u00e1za &#8211; 49. sz. f\u0151\u00fat (234+238-260+000 km.sz.) k\u00f6z\u00f6tti szakasz projekt; f\u0151p\u00e1lya, keresztez\u0151 utak \u00e9s egy\u00e9b utak 260+700 &#8211; 265+900 km.sz. k\u00f6z\u00f6tti (2. szakasz) f\u00f6ldmunk\u00e1i elv\u00e9gz\u00e9s\u00e9n\u00e9l g\u00e9p- \u00e9s termel\u0151eszk\u00f6z biztos\u00edt\u00e1sa kezel\u0151szem\u00e9lyzettel.<br \/><br \/><\/li><li>Budapest, CEVA Philaxia B5 projekt kivitelez\u00e9s\u00e9n\u00e9l f\u00f6ldmuka.<\/li><\/ul>\t\t\t\t\t\t<\/div>\n\t\t\t\t<\/div>\n\t\t\t\t\t<\/div>\n\t\t<\/div>\n\t\t\t\t\t<\/div>\n\t\t<\/section>\n\t\t\t\t<section class=\"elementor-section elementor-top-section elementor-element elementor-element-1f3d6a8e elementor-section-full_width elementor-section-height-min-height elementor-section-items-stretch elementor-section-stretched elementor-section-height-default\" data-id=\"1f3d6a8e\" data-element_type=\"section\" data-settings=\"{&quot;background_background&quot;:&quot;classic&quot;,&quot;stretch_section&quot;:&quot;section-stretched&quot;}\">\n\t\t\t\t\t\t<div class=\"elementor-container elementor-column-gap-default\">\n\t\t\t\t\t<div class=\"elementor-column elementor-col-33 elementor-top-column elementor-element elementor-element-30896a7\" data-id=\"30896a7\" data-element_type=\"column\">\n\t\t\t<div class=\"elementor-widget-wrap elementor-element-populated\">\n\t\t\t\t\t\t<div class=\"elementor-element elementor-element-70ceb196 elementor-widget elementor-widget-text-editor\" data-id=\"70ceb196\" data-element_type=\"widget\" data-widget_type=\"text-editor.default\">\n\t\t\t\t<div class=\"elementor-widget-container\">\n\t\t\t\t\t\t\t<p style=\"text-align: center;\">+36 30 820 8944<\/p>\t\t\t\t\t\t<\/div>\n\t\t\t\t<\/div>\n\t\t\t\t\t<\/div>\n\t\t<\/div>\n\t\t\t\t<div class=\"elementor-column elementor-col-33 elementor-top-column elementor-element elementor-element-546b42d0\" data-id=\"546b42d0\" data-element_type=\"column\">\n\t\t\t<div class=\"elementor-widget-wrap elementor-element-populated\">\n\t\t\t\t\t\t<div class=\"elementor-element elementor-element-c11bfd6 elementor-widget elementor-widget-text-editor\" data-id=\"c11bfd6\" data-element_type=\"widget\" data-widget_type=\"text-editor.default\">\n\t\t\t\t<div class=\"elementor-widget-container\">\n\t\t\t\t\t\t\t<p style=\"text-align: center;\"><a href=\"mailto:kpluszskft@gmail.com\">kpluszskft@gmail.com<\/a><\/p>\t\t\t\t\t\t<\/div>\n\t\t\t\t<\/div>\n\t\t\t\t\t<\/div>\n\t\t<\/div>\n\t\t\t\t<div class=\"elementor-column elementor-col-33 elementor-top-column elementor-element elementor-element-3c12eea2\" data-id=\"3c12eea2\" data-element_type=\"column\">\n\t\t\t<div class=\"elementor-widget-wrap elementor-element-populated\">\n\t\t\t\t\t\t<div class=\"elementor-element elementor-element-5fc750a0 elementor-widget elementor-widget-heading\" data-id=\"5fc750a0\" data-element_type=\"widget\" data-widget_type=\"heading.default\">\n\t\t\t\t<div class=\"elementor-widget-container\">\n\t\t\t<h2 class=\"elementor-heading-title elementor-size-default\">Minden jog fenntartva \u00a9 2022<\/h2>\t\t<\/div>\n\t\t\t\t<\/div>\n\t\t\t\t\t<\/div>\n\t\t<\/div>\n\t\t\t\t\t<\/div>\n\t\t<\/section>\n\t\t\t\t<\/div>\n\t\t","protected":false},"excerpt":{"rendered":"<p>M3 Aut\u00f3p\u00e1lya 260+700 -265+900 Kmsz. szakasz f\u00f6ldmunk\u00e1i. Life 08 NAT\/H000289 azonos\u00edt\u00f3 sz\u00e1m\u00fa \u201eLIFE+Kisalf\u00f6ldi homokpuszta&#8221; projekt keret\u00e9ben a C.4. akci\u00f3 megval\u00f3s\u00edt\u00e1s\u00e1n bel\u00fcl, \u00e9p\u00fclet bont\u00e1sok ut\u00e1ni helyre\u00e1ll\u00edt\u00e1si munk\u00e1k elv\u00e9gz\u00e9se. A Life 08 NAT\/H000289 azonos\u00edt\u00f3 sz\u00e1m\u00fa \u201eLIFE+Kisalf\u00f6ldi homokpuszta&#8221; projekt keret\u00e9ben a C.4. akci\u00f3 megval\u00f3s\u00edt\u00e1s\u00e1n bel\u00fcl, a f\u00f6lds\u00e1ncok term\u00e9szetes f\u00f6ldfelsz\u00edn\u00e9nek helyre\u00e1ll\u00edt\u00e1sa. LIFE 08 NAT\/HU\/000289 azonos\u00edt\u00f3 sz\u00e1m\u00fa, &#8222;LIFE+ Kisalf\u00f6ldi \u00a0homokpuszta&#8221;&hellip; <a class=\"more-link\" href=\"https:\/\/www.kpluszs.com\/?page_id=178\"><span class=\"screen-reader-text\">Referenciak<\/span> olvas\u00e1s\u00e1nak folytat\u00e1sa<\/a><\/p>\n","protected":false},"author":2,"featured_media":0,"parent":0,"menu_order":0,"comment_status":"closed","ping_status":"closed","template":"elementor_canvas","meta":{"footnotes":""},"class_list":["post-178","page","type-page","status-publish","hentry","entry"],"_links":{"self":[{"href":"https:\/\/www.kpluszs.com\/index.php?rest_route=\/wp\/v2\/pages\/178"}],"collection":[{"href":"https:\/\/www.kpluszs.com\/index.php?rest_route=\/wp\/v2\/pages"}],"about":[{"href":"https:\/\/www.kpluszs.com\/index.php?rest_route=\/wp\/v2\/types\/page"}],"author":[{"embeddable":true,"href":"https:\/\/www.kpluszs.com\/index.php?rest_route=\/wp\/v2\/users\/2"}],"replies":[{"embeddable":true,"href":"https:\/\/www.kpluszs.com\/index.php?rest_route=%2Fwp%2Fv2%2Fcomments&post=178"}],"version-history":[{"count":28,"href":"https:\/\/www.kpluszs.com\/index.php?rest_route=\/wp\/v2\/pages\/178\/revisions"}],"predecessor-version":[{"id":285,"href":"https:\/\/www.kpluszs.com\/index.php?rest_route=\/wp\/v2\/pages\/178\/revisions\/285"}],"wp:attachment":[{"href":"https:\/\/www.kpluszs.com\/index.php?rest_route=%2Fwp%2Fv2%2Fmedia&parent=178"}],"curies":[{"name":"wp","href":"https:\/\/api.w.org\/{rel}","templated":true}]}}